{"id":135,"date":"2021-01-06T14:02:25","date_gmt":"2021-01-06T14:02:25","guid":{"rendered":"https:\/\/labvivalle.com.br\/site\/?page_id=135"},"modified":"2021-01-06T16:40:56","modified_gmt":"2021-01-06T16:40:56","slug":"laboratorio-labvivalle-historia","status":"publish","type":"page","link":"https:\/\/labvivalle.com.br\/site\/laboratorio-labvivalle-historia\/","title":{"rendered":"Laborat\u00f3rio Labvivalle &#8211; Hist\u00f3ria"},"content":{"rendered":"<h2 data-tadv-p=\"keep\">Hist\u00f3ria Labvivalle<\/h2>\n<p>A Hist\u00f3ria do LabviValle come\u00e7ou h\u00e1 10 anos para suprir a demanda laboratorial do Hospital viValle. Essa parceria s\u00f3lida possibilitou o desenvolvimento de processos capazes de atender a altos padr\u00f5es de qualidade t\u00e9cnica. Al\u00e9m disso, o crescimento em conjunto com o Hospital viValle, permitiu ao LabviValle atestar seu know-how e conquistar reconhecimento pela excel\u00eancia do seu trabalho.<\/p>\n<p>Hoje o antigo LabClin est\u00e1 preparado para conquistar novos parceiros que acreditem na busca cont\u00ednua pela melhoria do servi\u00e7o prestado.<\/p>\n<p><strong>Confira os primeiros anos dessa trajet\u00f3ria:<\/strong><\/p>\n\n\n<div class=\"wp-block-timeline-express-timeline-block\">\t\t\t<section id=\"cd-timeline\" class=\"cd-container timeline-express\">\n\n\t\t\t\n<div class=\"cd-timeline-block janeiro 06 2003 announcement-no-image announcement-139\">\n\n\t\n\t\t<div class=\"cd-timeline-img cd-picture icon-no-readmore\" style=\"background:#1e73be;\">\n\n\t\t\t<!-- Custom Action Hook -->\n\t\t\t\n\t\t\t\t<!-- Standard Font Awesome Icon -->\n\t\t\t\t<span class=\"fa fa-flask\" title=\"2003\"><\/span>\n\n\t\t\t\n\t\t<\/div> <!-- cd-timeline-img -->\n\n\t\n\t<!-- Timeline Content -->\n\t<div class=\"cd-timeline-content\">\n\n\t\t\n\t\t<!-- Announcement Title -->\n\t\t<div class=\"cd-timeline-title-container\">\n\n\t\t\t\n\t\t\t<h2 class=\"cd-timeline-item-title\">\n\t\t\t\t2003\t\t\t<\/h2>\n\n\t\t\t\t\t<\/div>\n\t\t<!-- End Announcement Title -->\n\n\t\t\n\t\t<!-- Announcement Excerpt -->\n\t\t<div class=\"the-excerpt\">\n\t\t\t<p>O <strong>Laboratorio Labclin<\/strong> inicia as atividades como um laborat\u00f3rio de urg\u00eancia voltado ao atendimento exclusivo do <strong>Hospital viValle<\/strong>.<\/p>\n\t\t<\/div>\n\t\t<!-- End Announcement Excerpt -->\n\n\t\t\n\t<\/div>\n\t<!-- End Timeline Content -->\n\n<\/div>\n<!-- End Timeline Block -->\n\n<div class=\"cd-timeline-block janeiro 06 2005 announcement-no-image announcement-142\">\n\n\t\n\t\t<div class=\"cd-timeline-img cd-picture icon-no-readmore\" style=\"background:#1e73be;\">\n\n\t\t\t<!-- Custom Action Hook -->\n\t\t\t\n\t\t\t\t<!-- Standard Font Awesome Icon -->\n\t\t\t\t<span class=\"fa fa-user\" title=\"2005\"><\/span>\n\n\t\t\t\n\t\t<\/div> <!-- cd-timeline-img -->\n\n\t\n\t<!-- Timeline Content -->\n\t<div class=\"cd-timeline-content\">\n\n\t\t\n\t\t<!-- Announcement Title -->\n\t\t<div class=\"cd-timeline-title-container\">\n\n\t\t\t\n\t\t\t<h2 class=\"cd-timeline-item-title\">\n\t\t\t\t2005\t\t\t<\/h2>\n\n\t\t\t\t\t<\/div>\n\t\t<!-- End Announcement Title -->\n\n\t\t\n\t\t<!-- Announcement Excerpt -->\n\t\t<div class=\"the-excerpt\">\n\t\t\t<p>Uma das s\u00f3cias fundadoras, <strong>Maiara Schulz<\/strong>, assume integralmente as cotas do laborat\u00f3rio e passa a ser a Diretora geral da unidade laboratorial.<\/p>\n\t\t<\/div>\n\t\t<!-- End Announcement Excerpt -->\n\n\t\t\n\t<\/div>\n\t<!-- End Timeline Content -->\n\n<\/div>\n<!-- End Timeline Block -->\n\n<div class=\"cd-timeline-block janeiro 06 2007 announcement-no-image announcement-143\">\n\n\t\n\t\t<div class=\"cd-timeline-img cd-picture icon-no-readmore\" style=\"background:#1e73be;\">\n\n\t\t\t<!-- Custom Action Hook -->\n\t\t\t\n\t\t\t\t<!-- Standard Font Awesome Icon -->\n\t\t\t\t<span class=\"fa fa-hospital-o\" title=\"2007\"><\/span>\n\n\t\t\t\n\t\t<\/div> <!-- cd-timeline-img -->\n\n\t\n\t<!-- Timeline Content -->\n\t<div class=\"cd-timeline-content\">\n\n\t\t\n\t\t<!-- Announcement Title -->\n\t\t<div class=\"cd-timeline-title-container\">\n\n\t\t\t\n\t\t\t<h2 class=\"cd-timeline-item-title\">\n\t\t\t\t2007\t\t\t<\/h2>\n\n\t\t\t\t\t<\/div>\n\t\t<!-- End Announcement Title -->\n\n\t\t\n\t\t<!-- Announcement Excerpt -->\n\t\t<div class=\"the-excerpt\">\n\t\t\t<p>O<strong> Hospital viValle<\/strong> inicia o projeto de expans\u00e3o e o <strong>LabClin<\/strong> passa a investir toda a sua capacidade no curto prazo de libera\u00e7\u00e3o de resultados de exames de urg\u00eancias e emerg\u00eancias gerados pelo novo perfil de complexidade.<\/p>\n\t\t<\/div>\n\t\t<!-- End Announcement Excerpt -->\n\n\t\t\n\t<\/div>\n\t<!-- End Timeline Content -->\n\n<\/div>\n<!-- End Timeline Block -->\n\n<div class=\"cd-timeline-block janeiro 06 2008 announcement-no-image announcement-144\">\n\n\t\n\t\t<div class=\"cd-timeline-img cd-picture icon-no-readmore\" style=\"background:#1e73be;\">\n\n\t\t\t<!-- Custom Action Hook -->\n\t\t\t\n\t\t\t\t<!-- Standard Font Awesome Icon -->\n\t\t\t\t<span class=\"fa fa-medkit\" title=\"2008\"><\/span>\n\n\t\t\t\n\t\t<\/div> <!-- cd-timeline-img -->\n\n\t\n\t<!-- Timeline Content -->\n\t<div class=\"cd-timeline-content\">\n\n\t\t\n\t\t<!-- Announcement Title -->\n\t\t<div class=\"cd-timeline-title-container\">\n\n\t\t\t\n\t\t\t<h2 class=\"cd-timeline-item-title\">\n\t\t\t\t2008\t\t\t<\/h2>\n\n\t\t\t\t\t<\/div>\n\t\t<!-- End Announcement Title -->\n\n\t\t\n\t\t<!-- Announcement Excerpt -->\n\t\t<div class=\"the-excerpt\">\n\t\t\t<p>O <strong>Centro m\u00e9dico viValle<\/strong> lan\u00e7a no mercado um programa de <strong>Check up<\/strong>, com isso o <strong>LabClin<\/strong> passa a realizar todos os exames laboratoriais do programa e mais uma vez amplia seu rol de atendimento.<\/p>\n\t\t<\/div>\n\t\t<!-- End Announcement Excerpt -->\n\n\t\t\n\t<\/div>\n\t<!-- End Timeline Content -->\n\n<\/div>\n<!-- End Timeline Block -->\n\n<div class=\"cd-timeline-block janeiro 06 2009 announcement-no-image announcement-145\">\n\n\t\n\t\t<div class=\"cd-timeline-img cd-picture icon-no-readmore\" style=\"background:#1e73be;\">\n\n\t\t\t<!-- Custom Action Hook -->\n\t\t\t\n\t\t\t\t<!-- Standard Font Awesome Icon -->\n\t\t\t\t<span class=\"fa fa-check-circle\" title=\"2009\"><\/span>\n\n\t\t\t\n\t\t<\/div> <!-- cd-timeline-img -->\n\n\t\n\t<!-- Timeline Content -->\n\t<div class=\"cd-timeline-content\">\n\n\t\t\n\t\t<!-- Announcement Title -->\n\t\t<div class=\"cd-timeline-title-container\">\n\n\t\t\t\n\t\t\t<h2 class=\"cd-timeline-item-title\">\n\t\t\t\t2009\t\t\t<\/h2>\n\n\t\t\t\t\t<\/div>\n\t\t<!-- End Announcement Title -->\n\n\t\t\n\t\t<!-- Announcement Excerpt -->\n\t\t<div class=\"the-excerpt\">\n\t\t\t<p>O <strong>LabClin<\/strong> recebe o <strong>Certificado de Acredita\u00e7\u00e3o<\/strong> em Institui\u00e7\u00f5es de Sa\u00fade &#8211; <strong>ONA<\/strong> (<strong>Organiza\u00e7\u00e3o Nacional de Acredita\u00e7\u00e3o<\/strong>) N\u00edvel II, sendo o 23\u00ba laborat\u00f3rio do Brasil a conseguir este reconhecimento.<\/p>\n\t\t<\/div>\n\t\t<!-- End Announcement Excerpt -->\n\n\t\t\n\t<\/div>\n\t<!-- End Timeline Content -->\n\n<\/div>\n<!-- End Timeline Block -->\n\n<div class=\"cd-timeline-block janeiro 06 2010 announcement-no-image announcement-146\">\n\n\t\n\t\t<div class=\"cd-timeline-img cd-picture icon-no-readmore\" style=\"background:#1e73be;\">\n\n\t\t\t<!-- Custom Action Hook -->\n\t\t\t\n\t\t\t\t<!-- Standard Font Awesome Icon -->\n\t\t\t\t<span class=\"fa fa-hospital-o\" title=\"2010\"><\/span>\n\n\t\t\t\n\t\t<\/div> <!-- cd-timeline-img -->\n\n\t\n\t<!-- Timeline Content -->\n\t<div class=\"cd-timeline-content\">\n\n\t\t\n\t\t<!-- Announcement Title -->\n\t\t<div class=\"cd-timeline-title-container\">\n\n\t\t\t\n\t\t\t<h2 class=\"cd-timeline-item-title\">\n\t\t\t\t2010\t\t\t<\/h2>\n\n\t\t\t\t\t<\/div>\n\t\t<!-- End Announcement Title -->\n\n\t\t\n\t\t<!-- Announcement Excerpt -->\n\t\t<div class=\"the-excerpt\">\n\t\t\t<p>O <strong>Hospital viValle<\/strong> adquire 51% das cotas do <strong>LabClin<\/strong> e a partir deste momento passa a ter oficialmente uma atua\u00e7\u00e3o unificada, o que garante ainda mais a qualidade na presta\u00e7\u00e3o de servi\u00e7os de medicina diagn\u00f3stica.<\/p>\n\t\t<\/div>\n\t\t<!-- End Announcement Excerpt -->\n\n\t\t\n\t<\/div>\n\t<!-- End Timeline Content -->\n\n<\/div>\n<!-- End Timeline Block -->\n\n<div class=\"cd-timeline-block janeiro 06 2011 announcement-no-image announcement-147\">\n\n\t\n\t\t<div class=\"cd-timeline-img cd-picture icon-no-readmore\" style=\"background:#1e73be;\">\n\n\t\t\t<!-- Custom Action Hook -->\n\t\t\t\n\t\t\t\t<!-- Standard Font Awesome Icon -->\n\t\t\t\t<span class=\"fa fa-hospital-o\" title=\"2011\"><\/span>\n\n\t\t\t\n\t\t<\/div> <!-- cd-timeline-img -->\n\n\t\n\t<!-- Timeline Content -->\n\t<div class=\"cd-timeline-content\">\n\n\t\t\n\t\t<!-- Announcement Title -->\n\t\t<div class=\"cd-timeline-title-container\">\n\n\t\t\t\n\t\t\t<h2 class=\"cd-timeline-item-title\">\n\t\t\t\t2011\t\t\t<\/h2>\n\n\t\t\t\t\t<\/div>\n\t\t<!-- End Announcement Title -->\n\n\t\t\n\t\t<!-- Announcement Excerpt -->\n\t\t<div class=\"the-excerpt\">\n\t\t\t<p><img loading=\"lazy\" decoding=\"async\" class=\"alignnone size-full wp-image-157\" src=\"https:\/\/labvivalle.com.br\/site\/wp-content\/uploads\/2021\/01\/rede_dor-labvivalle.jpg\" alt=\"\" width=\"650\" height=\"425\" srcset=\"https:\/\/labvivalle.com.br\/site\/wp-content\/uploads\/2021\/01\/rede_dor-labvivalle.jpg 650w, https:\/\/labvivalle.com.br\/site\/wp-content\/uploads\/2021\/01\/rede_dor-labvivalle-480x314.jpg 480w\" sizes=\"auto, (min-width: 0px) and (max-width: 480px) 480px, (min-width: 481px) 650px, 100vw\" \/><\/p>\n<p>A <strong>Rede D&#8217;Or<\/strong>, maior operadora independente de hospitais do Brasil, assume o controle acion\u00e1rio do <strong>Hospital viValle<\/strong> e dos 51% das cotas do <strong>LabClin.<\/strong><\/p>\n\t\t<\/div>\n\t\t<!-- End Announcement Excerpt -->\n\n\t\t\n\t<\/div>\n\t<!-- End Timeline Content -->\n\n<\/div>\n<!-- End Timeline Block -->\n\n<div class=\"cd-timeline-block janeiro 06 2013 announcement-no-image announcement-159\">\n\n\t\n\t\t<div class=\"cd-timeline-img cd-picture icon-no-readmore\" style=\"background:#1e73be;\">\n\n\t\t\t<!-- Custom Action Hook -->\n\t\t\t\n\t\t\t\t<!-- Standard Font Awesome Icon -->\n\t\t\t\t<span class=\"fa fa-flask\" title=\"2013\"><\/span>\n\n\t\t\t\n\t\t<\/div> <!-- cd-timeline-img -->\n\n\t\n\t<!-- Timeline Content -->\n\t<div class=\"cd-timeline-content\">\n\n\t\t\n\t\t<!-- Announcement Title -->\n\t\t<div class=\"cd-timeline-title-container\">\n\n\t\t\t\n\t\t\t<h2 class=\"cd-timeline-item-title\">\n\t\t\t\t2013\t\t\t<\/h2>\n\n\t\t\t\t\t<\/div>\n\t\t<!-- End Announcement Title -->\n\n\t\t\n\t\t<!-- Announcement Excerpt -->\n\t\t<div class=\"the-excerpt\">\n\t\t\t<p><img loading=\"lazy\" decoding=\"async\" class=\"alignnone size-full wp-image-160\" src=\"https:\/\/labvivalle.com.br\/site\/wp-content\/uploads\/2021\/01\/Laboratorio-LabviValle-2021.jpg\" alt=\"\" width=\"350\" height=\"235\" srcset=\"https:\/\/labvivalle.com.br\/site\/wp-content\/uploads\/2021\/01\/Laboratorio-LabviValle-2021.jpg 350w, https:\/\/labvivalle.com.br\/site\/wp-content\/uploads\/2021\/01\/Laboratorio-LabviValle-2021-300x201.jpg 300w\" sizes=\"auto, (max-width: 350px) 100vw, 350px\" \/><\/p>\n<p>O <strong>laborat\u00f3rio LabClin<\/strong>, com o intuito de firmar toda sua for\u00e7a no mercado e ainda ampliar a sua marca de forma coerente, muda seu nome para <strong>LabviValle<\/strong> e faz investimentos na troca de toda a plataforma de exames, com o objetivo de melhorar a qualidade e a agilidade no tempo de entrega de resultados.<\/p>\n\t\t<\/div>\n\t\t<!-- End Announcement Excerpt -->\n\n\t\t\n\t<\/div>\n\t<!-- End Timeline Content -->\n\n<\/div>\n<!-- End Timeline Block -->\n\n\t\t\t<\/section>\n\n\t\t\t<!-- Timeline Express Free v1.8.1 | Site: https:\/\/www.wp-timelineexpress.com | Author: CodeParrots - http:\/\/www.codeparrots.com --><\/div>\n","protected":false},"excerpt":{"rendered":"<p>Hist\u00f3ria Labvivalle A Hist\u00f3ria do LabviValle come\u00e7ou h\u00e1 10 anos para suprir a demanda laboratorial do Hospital viValle. Essa parceria s\u00f3lida possibilitou o desenvolvimento de processos capazes de atender a altos padr\u00f5es de qualidade t\u00e9cnica. Al\u00e9m disso, o crescimento em conjunto com o Hospital viValle, permitiu ao LabviValle atestar seu know-how e conquistar reconhecimento pela excel\u00eancia do seu trabalho. Hoje o antigo LabClin est\u00e1 preparado para conquistar novos parceiros que acreditem na busca cont\u00ednua pela melhoria do servi\u00e7o prestado. Confira os primeiros anos dessa trajet\u00f3ria:<\/p>\n","protected":false},"author":2,"featured_media":137,"parent":0,"menu_order":0,"comment_status":"closed","ping_status":"closed","template":"","meta":{"_et_pb_use_builder":"off","_et_pb_old_content":"","_et_gb_content_width":"","footnotes":""},"class_list":["post-135","page","type-page","status-publish","has-post-thumbnail","hentry"],"_links":{"self":[{"href":"https:\/\/labvivalle.com.br\/site\/wp-json\/wp\/v2\/pages\/135","targetHints":{"allow":["GET"]}}],"collection":[{"href":"https:\/\/labvivalle.com.br\/site\/wp-json\/wp\/v2\/pages"}],"about":[{"href":"https:\/\/labvivalle.com.br\/site\/wp-json\/wp\/v2\/types\/page"}],"author":[{"embeddable":true,"href":"https:\/\/labvivalle.com.br\/site\/wp-json\/wp\/v2\/users\/2"}],"replies":[{"embeddable":true,"href":"https:\/\/labvivalle.com.br\/site\/wp-json\/wp\/v2\/comments?post=135"}],"version-history":[{"count":8,"href":"https:\/\/labvivalle.com.br\/site\/wp-json\/wp\/v2\/pages\/135\/revisions"}],"predecessor-version":[{"id":161,"href":"https:\/\/labvivalle.com.br\/site\/wp-json\/wp\/v2\/pages\/135\/revisions\/161"}],"wp:featuredmedia":[{"embeddable":true,"href":"https:\/\/labvivalle.com.br\/site\/wp-json\/wp\/v2\/media\/137"}],"wp:attachment":[{"href":"https:\/\/labvivalle.com.br\/site\/wp-json\/wp\/v2\/media?parent=135"}],"curies":[{"name":"wp","href":"https:\/\/api.w.org\/{rel}","templated":true}]}}