{"id":169,"date":"2021-01-06T16:53:27","date_gmt":"2021-01-06T16:53:27","guid":{"rendered":"https:\/\/labvivalle.com.br\/site\/?page_id=169"},"modified":"2021-01-06T17:01:23","modified_gmt":"2021-01-06T17:01:23","slug":"laboratorio-labvivalle-exames","status":"publish","type":"page","link":"https:\/\/labvivalle.com.br\/site\/laboratorio-labvivalle-exames\/","title":{"rendered":"Laborat\u00f3rio LabviValle &#8211; Exames"},"content":{"rendered":"<h2 data-tadv-p=\"keep\">Seu exame entregue em menos tempo<\/h2>\n<p><img loading=\"lazy\" decoding=\"async\" class=\"aligncenter\" src=\"https:\/\/labvivalle.com.br\/site\/wp-content\/uploads\/2021\/01\/exames-laboratoriais-labvivalle.jpg\" alt=\"\" width=\"800\" height=\"415\" \/><strong><br \/>\nUm equipe qualificada, pronta para atender voc\u00ea a qualquer hora.<\/strong><\/p>\n<p style=\"text-align: justify;\" data-tadv-p=\"keep\">O <strong>LabviValle<\/strong> tem o compromisso de entregar exames cl\u00ednicos de urg\u00eancia no menor tempo poss\u00edvel, possibilitando aos m\u00e9dicos oferecer um tratamento mais eficaz e com maior agilidade aos seus pacientes.<\/p>\n<p style=\"text-align: justify;\" data-tadv-p=\"keep\">Estat\u00edsticas dos atendimentos realizados mensalmente mostram que entre a solicita\u00e7\u00e3o medica, coleta do material at\u00e9 o retorno do laudo, existe um intervalo m\u00e9dio de 2h. No entanto, os diferentes m\u00e9todos necess\u00e1rios para a realiza\u00e7\u00e3o dos exames e a seguran\u00e7a de todo o processo n\u00e3o podem ser afetados, refletindo na finaliza\u00e7\u00e3o do laudo a ser entregue.<\/p>\n<p style=\"text-align: justify;\" data-tadv-p=\"keep\">O <strong>LabviValle<\/strong> se orgulha em oferecer exames diagn\u00f3sticos precisos no menor tempo poss\u00edvel, respeitando seus clientes m\u00e9dicos e pacientes, sem abrir m\u00e3o da seguran\u00e7a do processo, da qualidade dos laudos e da \u00e9tica profissional.<\/p>\n","protected":false},"excerpt":{"rendered":"<p>Seu exame entregue em menos tempo Um equipe qualificada, pronta para atender voc\u00ea a qualquer hora. O LabviValle tem o compromisso de entregar exames cl\u00ednicos de urg\u00eancia no menor tempo poss\u00edvel, possibilitando aos m\u00e9dicos oferecer um tratamento mais eficaz e com maior agilidade aos seus pacientes. Estat\u00edsticas dos atendimentos realizados mensalmente mostram que entre a [&hellip;]<\/p>\n","protected":false},"author":2,"featured_media":164,"parent":0,"menu_order":0,"comment_status":"closed","ping_status":"closed","template":"","meta":{"_et_pb_use_builder":"off","_et_pb_old_content":"","_et_gb_content_width":"","footnotes":""},"class_list":["post-169","page","type-page","status-publish","has-post-thumbnail","hentry"],"_links":{"self":[{"href":"https:\/\/labvivalle.com.br\/site\/wp-json\/wp\/v2\/pages\/169","targetHints":{"allow":["GET"]}}],"collection":[{"href":"https:\/\/labvivalle.com.br\/site\/wp-json\/wp\/v2\/pages"}],"about":[{"href":"https:\/\/labvivalle.com.br\/site\/wp-json\/wp\/v2\/types\/page"}],"author":[{"embeddable":true,"href":"https:\/\/labvivalle.com.br\/site\/wp-json\/wp\/v2\/users\/2"}],"replies":[{"embeddable":true,"href":"https:\/\/labvivalle.com.br\/site\/wp-json\/wp\/v2\/comments?post=169"}],"version-history":[{"count":3,"href":"https:\/\/labvivalle.com.br\/site\/wp-json\/wp\/v2\/pages\/169\/revisions"}],"predecessor-version":[{"id":175,"href":"https:\/\/labvivalle.com.br\/site\/wp-json\/wp\/v2\/pages\/169\/revisions\/175"}],"wp:featuredmedia":[{"embeddable":true,"href":"https:\/\/labvivalle.com.br\/site\/wp-json\/wp\/v2\/media\/164"}],"wp:attachment":[{"href":"https:\/\/labvivalle.com.br\/site\/wp-json\/wp\/v2\/media?parent=169"}],"curies":[{"name":"wp","href":"https:\/\/api.w.org\/{rel}","templated":true}]}}