{"id":2,"date":"2021-01-05T18:35:23","date_gmt":"2021-01-05T18:35:23","guid":{"rendered":"https:\/\/labvivalle.com.br\/site\/?page_id=2"},"modified":"2021-01-06T23:33:24","modified_gmt":"2021-01-06T23:33:24","slug":"espaco-medico","status":"publish","type":"page","link":"https:\/\/labvivalle.com.br\/site\/espaco-medico\/","title":{"rendered":"Espa\u00e7o M\u00e9dico"},"content":{"rendered":"\n<p style=\"text-align: justify;\">Para o<strong> LabviValle<\/strong>, o relacionamento com os m\u00e9dicos \u00e9 muito importante. Nesse espa\u00e7o \u00e9 poss\u00edvel entrar em contato com toda a equipe t\u00e9cnica do <strong>LabviValle<\/strong> para esclarecer d\u00favidas, solicitar exames, fazer cr\u00edticas, encaminhar sugest\u00f5es e cadastrar senha para acessar resultados dos exames dos pacientes.<\/p>\n<p style=\"text-align: justify;\">Basta preencher o formul\u00e1rio abaixo ou enviar as informa\u00e7\u00f5es para o e-mail: <a href=\"mailto:canalmedico@labvivalle.com.br\"><strong>canalmedico@labvivalle.com.br<\/strong><\/a><\/p>\n<p style=\"text-align: justify;\">A identifica\u00e7\u00e3o \u00e9 seu n\u00famero do <strong>CRM<\/strong> (sem letras ou pontos) e a <strong>SENHA<\/strong> deve conter oito (<strong>8<\/strong>) d\u00edgitos. Para validar o cadastro \u00e9 preciso acessar o e-mail enviado automaticamente para seu endere\u00e7o eletr\u00f4nico pessoal.<br \/>\u00a0 \u00a0 \u00a0<\/p>\n<hr \/>\n<p>[caldera_form id=&#8221;CF5acfab46772c4&#8243;]<\/p>\n","protected":false},"excerpt":{"rendered":"<p>Para o LabviValle, o relacionamento com os m\u00e9dicos \u00e9 muito importante. Nesse espa\u00e7o \u00e9 poss\u00edvel entrar em contato com toda a equipe t\u00e9cnica do LabviValle para esclarecer d\u00favidas, solicitar exames, fazer cr\u00edticas, encaminhar sugest\u00f5es e cadastrar senha para acessar resultados dos exames dos pacientes. Basta preencher o formul\u00e1rio abaixo ou enviar as informa\u00e7\u00f5es para o [&hellip;]<\/p>\n","protected":false},"author":2,"featured_media":321,"parent":0,"menu_order":0,"comment_status":"closed","ping_status":"closed","template":"","meta":{"_et_pb_use_builder":"","_et_pb_old_content":"","_et_gb_content_width":"","footnotes":""},"class_list":["post-2","page","type-page","status-publish","has-post-thumbnail","hentry"],"_links":{"self":[{"href":"https:\/\/labvivalle.com.br\/site\/wp-json\/wp\/v2\/pages\/2","targetHints":{"allow":["GET"]}}],"collection":[{"href":"https:\/\/labvivalle.com.br\/site\/wp-json\/wp\/v2\/pages"}],"about":[{"href":"https:\/\/labvivalle.com.br\/site\/wp-json\/wp\/v2\/types\/page"}],"author":[{"embeddable":true,"href":"https:\/\/labvivalle.com.br\/site\/wp-json\/wp\/v2\/users\/2"}],"replies":[{"embeddable":true,"href":"https:\/\/labvivalle.com.br\/site\/wp-json\/wp\/v2\/comments?post=2"}],"version-history":[{"count":6,"href":"https:\/\/labvivalle.com.br\/site\/wp-json\/wp\/v2\/pages\/2\/revisions"}],"predecessor-version":[{"id":327,"href":"https:\/\/labvivalle.com.br\/site\/wp-json\/wp\/v2\/pages\/2\/revisions\/327"}],"wp:featuredmedia":[{"embeddable":true,"href":"https:\/\/labvivalle.com.br\/site\/wp-json\/wp\/v2\/media\/321"}],"wp:attachment":[{"href":"https:\/\/labvivalle.com.br\/site\/wp-json\/wp\/v2\/media?parent=2"}],"curies":[{"name":"wp","href":"https:\/\/api.w.org\/{rel}","templated":true}]}}