{"id":283,"date":"2021-01-06T21:52:44","date_gmt":"2021-01-06T21:52:44","guid":{"rendered":"https:\/\/labvivalle.com.br\/site\/?page_id=283"},"modified":"2021-01-06T21:53:49","modified_gmt":"2021-01-06T21:53:49","slug":"certificacao-ona","status":"publish","type":"page","link":"https:\/\/labvivalle.com.br\/site\/certificacao-ona\/","title":{"rendered":"Certifica\u00e7\u00e3o ONA"},"content":{"rendered":"<h2 data-tadv-p=\"keep\">Certifica\u00e7\u00e3o ONA<\/h2>\n<p style=\"text-align: justify;\">A <strong>Organiza\u00e7\u00e3o Nacional de Acredita\u00e7\u00e3o<\/strong> (<strong>ONA<\/strong>) \u00e9 uma institui\u00e7\u00e3o n\u00e3o governamental reconhecida pelo Minist\u00e9rio da Sa\u00fade que promove a implanta\u00e7\u00e3o de processos e metodologias com o objetivo de aprimorar continuamente a qualidade dos servi\u00e7os de sa\u00fade prestados. Recentemente, a <strong>ONA<\/strong> passou a ser membro da <strong>Sociedade Internacional de Qualidade em Servi\u00e7os de Sa\u00fade<\/strong> (<strong>ISQua<\/strong>, em ingl\u00eas).<\/p>\n<p style=\"text-align: justify;\">O <strong>LabviValle<\/strong>, na busca pela excel\u00eancia, iniciou voluntariamente processo de Acredita\u00e7\u00e3o e conquistou em 2009 a certifica\u00e7\u00e3o <strong>ONA n\u00edvel II<\/strong> \u2013 Acreditado Pleno, sendo o 23\u00ba laborat\u00f3rio do pa\u00eds a conquistar esse selo.<\/p>\n<p style=\"text-align: justify;\">Em consequ\u00eancia de seu excelente desempenhos nas auditorias de manuten\u00e7\u00e3o, em Janeiro de 2016 o <strong>Labvivalle<\/strong> fez o Up Grade de certifica\u00e7\u00e3o e recebeu o <strong>Selo de Acreditado com Excel\u00eancia &#8211; ONA III<\/strong>, atingindo assim o maior grau de qualidade em certifica\u00e7\u00f5es Nacionais.<br \/><br \/>A credibilidade que acompanha essa conquista confirma a cren\u00e7a em um trabalho com qualidade, transpar\u00eancia e \u00e9tica.<\/p>\n\n\n<hr class=\"wp-block-separator\"\/>\n\n\n\n<div class=\"wp-block-image\"><figure class=\"aligncenter size-full\"><img loading=\"lazy\" decoding=\"async\" width=\"720\" height=\"495\" src=\"https:\/\/labvivalle.com.br\/site\/wp-content\/uploads\/2021\/01\/labvivalle-ona2019.jpg\" alt=\"\" class=\"wp-image-284\" srcset=\"https:\/\/labvivalle.com.br\/site\/wp-content\/uploads\/2021\/01\/labvivalle-ona2019.jpg 720w, https:\/\/labvivalle.com.br\/site\/wp-content\/uploads\/2021\/01\/labvivalle-ona2019-480x330.jpg 480w\" sizes=\"auto, (min-width: 0px) and (max-width: 480px) 480px, (min-width: 481px) 720px, 100vw\" \/><\/figure><\/div>\n","protected":false},"excerpt":{"rendered":"<p>Certifica\u00e7\u00e3o ONA A Organiza\u00e7\u00e3o Nacional de Acredita\u00e7\u00e3o (ONA) \u00e9 uma institui\u00e7\u00e3o n\u00e3o governamental reconhecida pelo Minist\u00e9rio da Sa\u00fade que promove a implanta\u00e7\u00e3o de processos e metodologias com o objetivo de aprimorar continuamente a qualidade dos servi\u00e7os de sa\u00fade prestados. Recentemente, a ONA passou a ser membro da Sociedade Internacional de Qualidade em Servi\u00e7os de Sa\u00fade [&hellip;]<\/p>\n","protected":false},"author":2,"featured_media":28,"parent":0,"menu_order":0,"comment_status":"closed","ping_status":"closed","template":"","meta":{"_et_pb_use_builder":"off","_et_pb_old_content":"","_et_gb_content_width":"","footnotes":""},"class_list":["post-283","page","type-page","status-publish","has-post-thumbnail","hentry"],"_links":{"self":[{"href":"https:\/\/labvivalle.com.br\/site\/wp-json\/wp\/v2\/pages\/283","targetHints":{"allow":["GET"]}}],"collection":[{"href":"https:\/\/labvivalle.com.br\/site\/wp-json\/wp\/v2\/pages"}],"about":[{"href":"https:\/\/labvivalle.com.br\/site\/wp-json\/wp\/v2\/types\/page"}],"author":[{"embeddable":true,"href":"https:\/\/labvivalle.com.br\/site\/wp-json\/wp\/v2\/users\/2"}],"replies":[{"embeddable":true,"href":"https:\/\/labvivalle.com.br\/site\/wp-json\/wp\/v2\/comments?post=283"}],"version-history":[{"count":2,"href":"https:\/\/labvivalle.com.br\/site\/wp-json\/wp\/v2\/pages\/283\/revisions"}],"predecessor-version":[{"id":288,"href":"https:\/\/labvivalle.com.br\/site\/wp-json\/wp\/v2\/pages\/283\/revisions\/288"}],"wp:featuredmedia":[{"embeddable":true,"href":"https:\/\/labvivalle.com.br\/site\/wp-json\/wp\/v2\/media\/28"}],"wp:attachment":[{"href":"https:\/\/labvivalle.com.br\/site\/wp-json\/wp\/v2\/media?parent=283"}],"curies":[{"name":"wp","href":"https:\/\/api.w.org\/{rel}","templated":true}]}}