{"id":290,"date":"2021-01-06T22:17:26","date_gmt":"2021-01-06T22:17:26","guid":{"rendered":"https:\/\/labvivalle.com.br\/site\/?page_id=290"},"modified":"2021-01-06T22:34:16","modified_gmt":"2021-01-06T22:34:16","slug":"links-uteis-labvivalle","status":"publish","type":"page","link":"https:\/\/labvivalle.com.br\/site\/links-uteis-labvivalle\/","title":{"rendered":"Links \u00dateis"},"content":{"rendered":"\n<h2 class=\"wp-block-heading\">Links \u00dateis<\/h2>\n\n\n\n<div class=\"wp-block-columns is-layout-flex wp-container-core-columns-is-layout-9d6595d7 wp-block-columns-is-layout-flex\">\n<div class=\"wp-block-column is-layout-flow wp-block-column-is-layout-flow\">\n<div class=\"wp-block-image\"><figure class=\"aligncenter size-large\"><a href=\"https:\/\/www.rededorsaoluiz.com.br\/hospital\/vivalle\" target=\"_blank\" rel=\"noopener\"><img loading=\"lazy\" decoding=\"async\" width=\"550\" height=\"274\" src=\"https:\/\/labvivalle.com.br\/site\/wp-content\/uploads\/2021\/01\/hospital-vivalle.jpg\" alt=\"\" class=\"wp-image-293\" srcset=\"https:\/\/labvivalle.com.br\/site\/wp-content\/uploads\/2021\/01\/hospital-vivalle.jpg 550w, https:\/\/labvivalle.com.br\/site\/wp-content\/uploads\/2021\/01\/hospital-vivalle-480x239.jpg 480w\" sizes=\"auto, (min-width: 0px) and (max-width: 480px) 480px, (min-width: 481px) 550px, 100vw\" \/><\/a><\/figure><\/div>\n\n\n\n<h2 class=\"has-vivid-cyan-blue-color has-text-color has-normal-font-size wp-block-heading\"><strong><a href=\"https:\/\/www.rededorsaoluiz.com.br\/hospital\/vivalle\" target=\"_blank\" rel=\"noreferrer noopener\">Hospital viValle<\/a><\/strong><\/h2>\n\n\n\n<p>O viValle \u00e9 um hospital completo com instala\u00e7\u00f5es modernas e confort\u00e1veis, Pronto Atendimento 24h e estrutura adequada para a realiza\u00e7\u00e3o de cirurgias de todos os portes e diversas especialidades.<\/p>\n\n\n\n<hr class=\"wp-block-separator aligncenter\"\/>\n\n\n\n<h2 class=\"has-vivid-cyan-blue-color has-text-color has-normal-font-size wp-block-heading\"><strong><a href=\"https:\/\/www.rededorsaoluiz.com.br\/hospital\/vivalle\/servicos\/centro-medico\" target=\"_blank\" rel=\"noreferrer noopener\">Centro M\u00e9dico &#8211; Hospital viValle<\/a><\/strong><\/h2>\n\n\n\n<p>Dedicado ao atendimento cl\u00ednico, o Centro M\u00e9dico viValle tem renomado corpo m\u00e9dico e profissionais de sa\u00fade, al\u00e9m de uma excelente equipe profissional de apoio, prestando atendimento diferenciado em consultas e tratamentos de diversas especialidades.<\/p>\n<\/div>\n\n\n\n<div class=\"wp-block-column is-layout-flow wp-block-column-is-layout-flow\">\n<div class=\"wp-block-image\"><figure class=\"aligncenter size-large\"><a href=\"https:\/\/www.ona.org.br\/\" target=\"_blank\" rel=\"noopener\"><img loading=\"lazy\" decoding=\"async\" width=\"550\" height=\"274\" src=\"https:\/\/labvivalle.com.br\/site\/wp-content\/uploads\/2021\/01\/ona-logo.jpg\" alt=\"\" class=\"wp-image-294\" srcset=\"https:\/\/labvivalle.com.br\/site\/wp-content\/uploads\/2021\/01\/ona-logo.jpg 550w, https:\/\/labvivalle.com.br\/site\/wp-content\/uploads\/2021\/01\/ona-logo-480x239.jpg 480w\" sizes=\"auto, (min-width: 0px) and (max-width: 480px) 480px, (min-width: 481px) 550px, 100vw\" \/><\/a><\/figure><\/div>\n\n\n\n<h2 class=\"has-vivid-cyan-blue-color has-text-color has-normal-font-size wp-block-heading\"><strong><a href=\"https:\/\/www.ona.org.br\/\" target=\"_blank\" rel=\"noreferrer noopener\">ONA<\/a><\/strong><\/h2>\n\n\n\n<p>Organiza\u00e7\u00e3o Nacional de Acredita\u00e7\u00e3o (ONA) \u00e9 uma institui\u00e7\u00e3o n\u00e3o governamental reconhecida pelo Minist\u00e9rio da Sa\u00fade que promove a implanta\u00e7\u00e3o de processos e metodologias com o objetivo de aprimorar continuamente a qualidade dos servi\u00e7os de sa\u00fade prestados.<\/p>\n<\/div>\n\n\n\n<div class=\"wp-block-column is-layout-flow wp-block-column-is-layout-flow\">\n<div class=\"wp-block-image\"><figure class=\"aligncenter size-large\"><a href=\"https:\/\/labtestsonline.org.br\/\" target=\"_blank\" rel=\"noopener\"><img loading=\"lazy\" decoding=\"async\" width=\"550\" height=\"274\" src=\"https:\/\/labvivalle.com.br\/site\/wp-content\/uploads\/2021\/01\/labtest-full.jpg\" alt=\"\" class=\"wp-image-295\" srcset=\"https:\/\/labvivalle.com.br\/site\/wp-content\/uploads\/2021\/01\/labtest-full.jpg 550w, https:\/\/labvivalle.com.br\/site\/wp-content\/uploads\/2021\/01\/labtest-full-480x239.jpg 480w\" sizes=\"auto, (min-width: 0px) and (max-width: 480px) 480px, (min-width: 481px) 550px, 100vw\" \/><\/a><\/figure><\/div>\n\n\n\n<h2 class=\"has-vivid-cyan-blue-color has-text-color has-normal-font-size wp-block-heading\"><strong><a href=\"https:\/\/labtestsonline.org.br\/\" target=\"_blank\" rel=\"noreferrer noopener\">Lab Tests<\/a><\/strong><\/h2>\n\n\n\n<p>O site Lab Tests Online-BR foi criado para que voc\u00ea, paciente ou que cuida de algu\u00e9m, compreenda melhor os diversos testes laboratoriais que s\u00e3o parte da aten\u00e7\u00e3o \u00e0 sa\u00fade de rotina e do diagn\u00f3stico e tratamento de uma grande variedade de condi\u00e7\u00f5es e doen\u00e7as.<\/p>\n\n\n\n<p>Se voc\u00ea \u00e9 um profissional m\u00e9dico, este site serve como refer\u00eancia r\u00e1pida e fonte de atualiza\u00e7\u00f5es em Medicina Laboratorial.<\/p>\n<\/div>\n<\/div>\n","protected":false},"excerpt":{"rendered":"<p>Links \u00dateis Hospital viValle O viValle \u00e9 um hospital completo com instala\u00e7\u00f5es modernas e confort\u00e1veis, Pronto Atendimento 24h e estrutura adequada para a realiza\u00e7\u00e3o de cirurgias de todos os portes e diversas especialidades. Centro M\u00e9dico &#8211; Hospital viValle Dedicado ao atendimento cl\u00ednico, o Centro M\u00e9dico viValle tem renomado corpo m\u00e9dico e profissionais de sa\u00fade, al\u00e9m [&hellip;]<\/p>\n","protected":false},"author":2,"featured_media":291,"parent":0,"menu_order":0,"comment_status":"closed","ping_status":"closed","template":"","meta":{"_et_pb_use_builder":"off","_et_pb_old_content":"","_et_gb_content_width":"","footnotes":""},"class_list":["post-290","page","type-page","status-publish","has-post-thumbnail","hentry"],"_links":{"self":[{"href":"https:\/\/labvivalle.com.br\/site\/wp-json\/wp\/v2\/pages\/290","targetHints":{"allow":["GET"]}}],"collection":[{"href":"https:\/\/labvivalle.com.br\/site\/wp-json\/wp\/v2\/pages"}],"about":[{"href":"https:\/\/labvivalle.com.br\/site\/wp-json\/wp\/v2\/types\/page"}],"author":[{"embeddable":true,"href":"https:\/\/labvivalle.com.br\/site\/wp-json\/wp\/v2\/users\/2"}],"replies":[{"embeddable":true,"href":"https:\/\/labvivalle.com.br\/site\/wp-json\/wp\/v2\/comments?post=290"}],"version-history":[{"count":6,"href":"https:\/\/labvivalle.com.br\/site\/wp-json\/wp\/v2\/pages\/290\/revisions"}],"predecessor-version":[{"id":303,"href":"https:\/\/labvivalle.com.br\/site\/wp-json\/wp\/v2\/pages\/290\/revisions\/303"}],"wp:featuredmedia":[{"embeddable":true,"href":"https:\/\/labvivalle.com.br\/site\/wp-json\/wp\/v2\/media\/291"}],"wp:attachment":[{"href":"https:\/\/labvivalle.com.br\/site\/wp-json\/wp\/v2\/media?parent=290"}],"curies":[{"name":"wp","href":"https:\/\/api.w.org\/{rel}","templated":true}]}}