{"id":32,"date":"2021-01-05T22:14:16","date_gmt":"2021-01-05T22:14:16","guid":{"rendered":"https:\/\/labvivalle.com.br\/site\/?page_id=32"},"modified":"2026-03-13T15:37:02","modified_gmt":"2026-03-13T15:37:02","slug":"laboratorio-de-analises-clinicas-labvivalle","status":"publish","type":"page","link":"https:\/\/labvivalle.com.br\/site\/","title":{"rendered":"Laborat\u00f3rio de An\u00e1lises Cl\u00ednicas LabviValle"},"content":{"rendered":"<p>[et_pb_section fb_built=&#8221;1&#8243; _builder_version=&#8221;4.21.0&#8243; custom_margin=&#8221;0px||0px||true|false&#8221; custom_padding=&#8221;0px||0px||true|false&#8221; global_colors_info=&#8221;{}&#8221;][et_pb_row use_custom_gutter=&#8221;on&#8221; gutter_width=&#8221;1&#8243; make_equal=&#8221;on&#8221; _builder_version=&#8221;4.21.0&#8243; width=&#8221;85%&#8221; width_tablet=&#8221;85%&#8221; width_phone=&#8221;100%&#8221; width_last_edited=&#8221;on|phone&#8221; max_width_tablet=&#8221;&#8221; max_width_phone=&#8221;100%&#8221; max_width_last_edited=&#8221;on|phone&#8221; custom_margin=&#8221;0px||0px||true|false&#8221; custom_padding=&#8221;0px||0px||true|false&#8221; global_colors_info=&#8221;{}&#8221;][et_pb_column type=&#8221;4_4&#8243; _builder_version=&#8221;4.16&#8243; global_colors_info=&#8221;{}&#8221;][et_pb_image src=&#8221;https:\/\/labvivalle.com.br\/site\/wp-content\/uploads\/2021\/01\/topo-lab.png&#8221; align=&#8221;center&#8221; _builder_version=&#8221;4.16&#8243; custom_margin=&#8221;0px||0px||true|false&#8221; custom_padding=&#8221;0px||0px||true|false&#8221; global_colors_info=&#8221;{}&#8221;][\/et_pb_image][et_pb_text _builder_version=&#8221;4.16&#8243; custom_margin=&#8221;0px||0px||true|false&#8221; custom_padding=&#8221;0px||0px||true|false&#8221; global_colors_info=&#8221;{}&#8221;][\/et_pb_text][et_pb_divider _builder_version=&#8221;4.27.2&#8243; _module_preset=&#8221;default&#8221; divider_weight=&#8221;2px&#8221; disabled_on=&#8221;off|off|on&#8221; hover_enabled=&#8221;0&#8243; sticky_enabled=&#8221;0&#8243; divider_position=&#8221;bottom&#8221; custom_margin=&#8221;0px||||false|false&#8221; custom_padding=&#8221;0px||||false|false&#8221;][\/et_pb_divider][et_pb_button button_text=&#8221;Acesso aos resultados&#8221; _builder_version=&#8221;4.27.2&#8243; _module_preset=&#8221;default&#8221; button_url=&#8221;http:\/\/189.2.215.52:8080\/laudos\/&#8221; button_alignment=&#8221;center&#8221; custom_button=&#8221;on&#8221; button_text_size=&#8221;17px&#8221; button_text_color=&#8221;#FFFFFF&#8221; button_bg_color=&#8221;#3f80a8&#8243; button_bg_enable_color=&#8221;on&#8221; button_bg_color__hover_enabled=&#8221;on|hover&#8221; hover_enabled=&#8221;0&#8243; sticky_enabled=&#8221;0&#8243; button_bg_color__hover=&#8221;#41840e&#8221; button_bg_enable_color__hover=&#8221;on&#8221; button_border_color=&#8221;#FFFFFF&#8221; button_border_radius=&#8221;7px&#8221; button_font=&#8221;Arial|700|||||||&#8221; custom_margin=&#8221;12px||7px||false|false&#8221; disabled_on=&#8221;off|off|on&#8221;][\/et_pb_button][et_pb_divider _builder_version=&#8221;4.27.2&#8243; _module_preset=&#8221;default&#8221; divider_weight=&#8221;2px&#8221; disabled_on=&#8221;off|off|on&#8221; hover_enabled=&#8221;0&#8243; sticky_enabled=&#8221;0&#8243; custom_margin=&#8221;||||false|false&#8221; custom_padding=&#8221;5px||||false|false&#8221;][\/et_pb_divider][\/et_pb_column][\/et_pb_row][et_pb_row column_structure=&#8221;1_2,1_4,1_4&#8243; use_custom_gutter=&#8221;on&#8221; gutter_width=&#8221;2&#8243; make_equal=&#8221;on&#8221; _builder_version=&#8221;4.21.0&#8243; width=&#8221;85%&#8221; width_tablet=&#8221;85%&#8221; width_phone=&#8221;100%&#8221; width_last_edited=&#8221;on|phone&#8221; max_width_tablet=&#8221;&#8221; max_width_phone=&#8221;100%&#8221; max_width_last_edited=&#8221;on|phone&#8221; custom_margin=&#8221;7px||0px||false|false&#8221; custom_padding=&#8221;0px||0px||false|false&#8221; global_colors_info=&#8221;{}&#8221;][et_pb_column type=&#8221;1_2&#8243; _builder_version=&#8221;4.16&#8243; global_colors_info=&#8221;{}&#8221;][et_pb_image src=&#8221;https:\/\/labvivalle.com.br\/site\/wp-content\/uploads\/2021\/01\/boas_maos.jpg&#8221; _builder_version=&#8221;4.21.0&#8243; custom_margin=&#8221;||7px|||&#8221; custom_padding_tablet=&#8221;&#8221; custom_padding_phone=&#8221;|10px||10px|false|true&#8221; custom_padding_last_edited=&#8221;on|phone&#8221; global_colors_info=&#8221;{}&#8221;][\/et_pb_image][et_pb_image src=&#8221;https:\/\/labvivalle.com.br\/site\/wp-content\/uploads\/2021\/01\/banner_maos.jpg&#8221; alt=&#8221;LabviValle&#8221; title_text=&#8221;LabviValle&#8221; _builder_version=&#8221;4.21.0&#8243; custom_margin=&#8221;9px||4px||false|false&#8221; custom_padding=&#8221;||||false|false&#8221; global_colors_info=&#8221;{}&#8221;][\/et_pb_image][et_pb_text _builder_version=&#8221;4.21.0&#8243; text_text_color=&#8221;#000000&#8243; text_font_size=&#8221;18px&#8221; text_line_height=&#8221;1.3em&#8221; text_orientation=&#8221;justified&#8221; custom_margin=&#8221;5px||9px||false|false&#8221; custom_padding=&#8221;||||false|false&#8221; custom_padding_tablet=&#8221;||||false|false&#8221; custom_padding_phone=&#8221;|10px||10px|false|true&#8221; custom_padding_last_edited=&#8221;on|phone&#8221; text_font_size_tablet=&#8221;16px&#8221; text_font_size_phone=&#8221;17px&#8221; text_font_size_last_edited=&#8221;on|phone&#8221; text_orientation_tablet=&#8221;justified&#8221; text_orientation_phone=&#8221;left&#8221; text_orientation_last_edited=&#8221;on|phone&#8221; global_colors_info=&#8221;{}&#8221;]<\/p>\n<p>Seu exame entregue em menos tempo. Um equipe qualificada, pronta para atender voc\u00ea a qualquer hora. O LabviValle tem o compromisso de entregar exames cl\u00ednicos de urg\u00eancia no menor tempo poss\u00edvel, possibilitando aos&#8230;<\/p>\n<p>[\/et_pb_text][et_pb_button button_url=&#8221;@ET-DC@eyJkeW5hbWljIjp0cnVlLCJjb250ZW50IjoicG9zdF9saW5rX3VybF9wYWdlIiwic2V0dGluZ3MiOnsicG9zdF9pZCI6Ijk1In19@&#8221; button_text=&#8221;Leia mais&#8221; button_alignment=&#8221;left&#8221; _builder_version=&#8221;4.21.0&#8243; _dynamic_attributes=&#8221;button_url&#8221; custom_button=&#8221;on&#8221; button_text_size=&#8221;14px&#8221; button_text_color=&#8221;#0c71c3&#8243; button_font=&#8221;|600|||||||&#8221; custom_margin=&#8221;|10px|2px|10px|false|true&#8221; custom_padding_tablet=&#8221;&#8221; custom_padding_phone=&#8221;||||false|false&#8221; custom_padding_last_edited=&#8221;on|phone&#8221; global_colors_info=&#8221;{}&#8221; button_bg_color__hover_enabled=&#8221;on|hover&#8221; button_bg_color__hover=&#8221;#0c71c3&#8243; button_bg_enable_color__hover=&#8221;on&#8221; button_text_color__hover_enabled=&#8221;on|hover&#8221; button_text_color__hover=&#8221;#ffffff&#8221;][\/et_pb_button][et_pb_divider color=&#8221;#0c71c3&#8243; divider_position=&#8221;center&#8221; divider_weight=&#8221;2px&#8221; _builder_version=&#8221;4.21.0&#8243; custom_margin=&#8221;17px||17px||true|false&#8221; custom_padding=&#8221;0px||0px||true|false&#8221; global_colors_info=&#8221;{}&#8221;][\/et_pb_divider][et_pb_text _builder_version=&#8221;4.21.0&#8243; text_text_color=&#8221;#000000&#8243; text_font_size=&#8221;18px&#8221; text_orientation=&#8221;justified&#8221; custom_margin=&#8221;0px||0px||false|false&#8221; custom_padding=&#8221;0px||0px||false|false&#8221; custom_padding_tablet=&#8221;0px||0px||false|false&#8221; custom_padding_phone=&#8221;|10px||10px|false|true&#8221; custom_padding_last_edited=&#8221;on|phone&#8221; text_font_size_tablet=&#8221;16px&#8221; text_font_size_phone=&#8221;17px&#8221; text_font_size_last_edited=&#8221;on|phone&#8221; text_orientation_tablet=&#8221;justified&#8221; text_orientation_phone=&#8221;left&#8221; text_orientation_last_edited=&#8221;on|phone&#8221; global_colors_info=&#8221;{}&#8221;]<\/p>\n<p><span style=\"color: #ff0000;\"><strong>Nota Exames de Dengue<\/strong> <\/span>&#8211; Todos os pacientes que realizarem exames para diagnostico de Dengue, mesmo quando negativos, ter\u00e3o seus dados encaminhados a Vigil\u00e2ncia Epidemiol\u00f3gica de S\u00e3o Jos\u00e9 dos Campos conforme determina o Programa de Combate a Dengue do Munic\u00edpio<\/p>\n<p>[\/et_pb_text][\/et_pb_column][et_pb_column type=&#8221;1_4&#8243; _builder_version=&#8221;4.16&#8243; global_colors_info=&#8221;{}&#8221;][et_pb_image src=&#8221;https:\/\/labvivalle.com.br\/site\/wp-content\/uploads\/2021\/01\/link-pack-pezinho.jpg&#8221; url=&#8221;@ET-DC@eyJkeW5hbWljIjp0cnVlLCJjb250ZW50IjoicG9zdF9saW5rX3VybF9wb3N0Iiwic2V0dGluZ3MiOnsicG9zdF9pZCI6IjI0MCJ9fQ==@&#8221; _builder_version=&#8221;4.21.0&#8243; _dynamic_attributes=&#8221;url&#8221; custom_margin=&#8221;0px||0px||false|false&#8221; custom_padding=&#8221;8px||0px||false|false&#8221; custom_padding_tablet=&#8221;0px||0px||false|false&#8221; custom_padding_phone=&#8221;|||10px|false|false&#8221; custom_padding_last_edited=&#8221;on|phone&#8221; global_colors_info=&#8221;{}&#8221;][\/et_pb_image][et_pb_image src=&#8221;https:\/\/labvivalle.com.br\/site\/wp-content\/uploads\/2022\/11\/palheta-teste-bochechinha.jpg&#8221; alt=&#8221;Teste da Bochechinha&#8221; title_text=&#8221;Teste da Bochechinha&#8221; url=&#8221;@ET-DC@eyJkeW5hbWljIjp0cnVlLCJjb250ZW50IjoicG9zdF9saW5rX3VybF9wb3N0Iiwic2V0dGluZ3MiOnsicG9zdF9pZCI6IjU3MiJ9fQ==@&#8221; _builder_version=&#8221;4.21.0&#8243; _dynamic_attributes=&#8221;url&#8221; custom_margin=&#8221;0px||7px||false|false&#8221; custom_padding=&#8221;0px||0px||false|false&#8221; custom_padding_tablet=&#8221;0px||0px||false|false&#8221; custom_padding_phone=&#8221;|||10px|false|false&#8221; custom_padding_last_edited=&#8221;on|phone&#8221; global_colors_info=&#8221;{}&#8221;][\/et_pb_image][et_pb_image src=&#8221;https:\/\/labvivalle.com.br\/site\/wp-content\/uploads\/2022\/12\/estrutura-Exames-CIT-2022a.jpg&#8221; alt=&#8221;Exames: Covid-19 \/ Influenza \/ Tuberculose \/ HiV \/ HCV&#8221; title_text=&#8221;Exames: Covid-19 \/ Influenza \/ Tuberculose \/ HiV \/ HCV&#8221; _builder_version=&#8221;4.21.0&#8243; custom_margin=&#8221;0px||8px||false|false&#8221; custom_padding=&#8221;0px||||false|false&#8221; custom_padding_tablet=&#8221;0px||||false|false&#8221; custom_padding_phone=&#8221;|||10px|false|false&#8221; custom_padding_last_edited=&#8221;on|phone&#8221; global_colors_info=&#8221;{}&#8221;][\/et_pb_image][et_pb_divider color=&#8221;#0c71c3&#8243; divider_position=&#8221;center&#8221; divider_weight=&#8221;1px&#8221; _builder_version=&#8221;4.21.0&#8243; custom_margin=&#8221;0px||0px||true|false&#8221; custom_padding=&#8221;0px||0px||true|false&#8221; global_colors_info=&#8221;{}&#8221;][\/et_pb_divider][et_pb_text admin_label=&#8221;Influenza&#8221; _builder_version=&#8221;4.27.2&#8243; text_font=&#8221;||||||||&#8221; text_text_color=&#8221;#000000&#8243; text_font_size=&#8221;17px&#8221; text_line_height=&#8221;1.2em&#8221; custom_margin=&#8221;9px||||false|false&#8221; custom_padding=&#8221;|7px|||false|false&#8221; custom_padding_tablet=&#8221;|7px|||false|false&#8221; custom_padding_phone=&#8221;|10px||10px|false|true&#8221; custom_padding_last_edited=&#8221;on|phone&#8221; text_font_size_tablet=&#8221;&#8221; text_font_size_phone=&#8221;17px&#8221; text_font_size_last_edited=&#8221;on|phone&#8221; text_orientation_tablet=&#8221;justified&#8221; text_orientation_phone=&#8221;left&#8221; text_orientation_last_edited=&#8221;on|phone&#8221; global_colors_info=&#8221;{}&#8221;]<\/p>\n<p>A <strong>Labvivalle<\/strong> traz a <strong>S\u00e3o Jos\u00e9 dos Campos<\/strong> o <strong>Genexpert<\/strong> &#8211; Um equipamento capaz de realizar testes de <strong>Influenza H3N2<\/strong> em <strong>12 horas<\/strong> com 99% de sensibilidade.<br \/><span style=\"font-size: 14px;\"><strong>Acesse<\/strong>:<br \/>[ <a href=\"https:\/\/labvivalle.com.br\/site\/exame-influenza-h3n2\/\"><strong>EXAME INFLUENZA H3N2<\/strong><\/a> ]<\/span><\/p>\n<p>[\/et_pb_text][et_pb_divider color=&#8221;#0c71c3&#8243; divider_weight=&#8221;2px&#8221; _builder_version=&#8221;4.21.0&#8243; custom_margin=&#8221;0px||0px||true|false&#8221; custom_padding=&#8221;5px||0px||false|false&#8221; global_colors_info=&#8221;{}&#8221;][\/et_pb_divider][et_pb_image src=&#8221;https:\/\/labvivalle.com.br\/site\/wp-content\/uploads\/2023\/07\/aplicativo-labvivalle-Phone250.jpg&#8221; alt=&#8221;Aplicativo LabviValle&#8221; title_text=&#8221;Aplicativo LabviValle&#8221; src_tablet=&#8221;https:\/\/labvivalle.com.br\/site\/wp-content\/uploads\/2023\/07\/aplicativo-labvivalle-Phone-mobile.jpg&#8221; src_phone=&#8221;https:\/\/labvivalle.com.br\/site\/wp-content\/uploads\/2023\/07\/aplicativo-labvivalle-Phone-mobile.jpg&#8221; src_last_edited=&#8221;on|tablet&#8221; _builder_version=&#8221;4.21.0&#8243; _module_preset=&#8221;default&#8221; custom_margin=&#8221;0px||0px||false|false&#8221; custom_padding=&#8221;0px||0px|7px|false|false&#8221; custom_padding_tablet=&#8221;0px||0px|7px|false|false&#8221; custom_padding_phone=&#8221;0px||0px|7px|false|false&#8221; custom_padding_last_edited=&#8221;on|desktop&#8221; global_colors_info=&#8221;{}&#8221;][\/et_pb_image][et_pb_divider color=&#8221;#0c71c3&#8243; divider_weight=&#8221;2px&#8221; _builder_version=&#8221;4.21.0&#8243; custom_margin=&#8221;0px||0px||true|false&#8221; custom_padding=&#8221;0px||0px||false|false&#8221; global_colors_info=&#8221;{}&#8221;][\/et_pb_divider][et_pb_image src=&#8221;https:\/\/labvivalle.com.br\/site\/wp-content\/uploads\/2023\/07\/googleplay.jpg&#8221; alt=&#8221;Google Play&#8221; title_text=&#8221;Google Play&#8221; url=&#8221;https:\/\/play.google.com\/store\/apps\/details?id=labvivalle.com.br&#8221; url_new_window=&#8221;on&#8221; align_tablet=&#8221;center&#8221; align_phone=&#8221;left&#8221; align_last_edited=&#8221;on|tablet&#8221; _builder_version=&#8221;4.27.2&#8243; _module_preset=&#8221;default&#8221; width=&#8221;49%&#8221; width_tablet=&#8221;49%&#8221; width_phone=&#8221;45%&#8221; width_last_edited=&#8221;on|desktop&#8221; custom_margin=&#8221;-130px||0px||false|false&#8221; custom_margin_tablet=&#8221;0px||0px||false|false&#8221; custom_margin_phone=&#8221;-155px||0px|7px|false|false&#8221; custom_margin_last_edited=&#8221;on|phone&#8221; custom_padding=&#8221;0px||0px||true|false&#8221; global_colors_info=&#8221;{}&#8221;][\/et_pb_image][et_pb_image src=&#8221;https:\/\/labvivalle.com.br\/site\/wp-content\/uploads\/2023\/07\/appstore.jpg&#8221; alt=&#8221;Apple Store&#8221; title_text=&#8221;Apple Store&#8221; url=&#8221;https:\/\/apps.apple.com\/br\/app\/labvivalle\/id6447623978&#8243; url_new_window=&#8221;on&#8221; align_tablet=&#8221;center&#8221; align_phone=&#8221;left&#8221; align_last_edited=&#8221;on|phone&#8221; _builder_version=&#8221;4.21.0&#8243; _module_preset=&#8221;default&#8221; width=&#8221;49%&#8221; width_tablet=&#8221;49%&#8221; width_phone=&#8221;47%&#8221; width_last_edited=&#8221;on|phone&#8221; custom_margin=&#8221;0px||0px||true|false&#8221; custom_padding=&#8221;0px||0px||true|false&#8221; custom_padding_tablet=&#8221;0px||0px||true|false&#8221; custom_padding_phone=&#8221;|||7px|true|false&#8221; custom_padding_last_edited=&#8221;on|phone&#8221; global_colors_info=&#8221;{}&#8221;][\/et_pb_image][\/et_pb_column][et_pb_column type=&#8221;1_4&#8243; _builder_version=&#8221;4.16&#8243; global_colors_info=&#8221;{}&#8221;][et_pb_image src=&#8221;https:\/\/labvivalle.com.br\/site\/wp-content\/uploads\/2021\/01\/Agendamento-online2020-texto2.png&#8221; url=&#8221;https:\/\/bookings.reservio.com\/modal\/64vtD41fxd\/?backlink=https%3A%2F%2Flabvivalle.com.br%2Fsite%2Fexames-labvivalle%2Fh1n1.html&#8221; url_new_window=&#8221;on&#8221; align=&#8221;center&#8221; _builder_version=&#8221;4.21.0&#8243; custom_margin=&#8221;||0px||false|false&#8221; custom_margin_tablet=&#8221;||0px||false|false&#8221; custom_margin_phone=&#8221;0px||0px||false|false&#8221; custom_margin_last_edited=&#8221;on|phone&#8221; custom_padding=&#8221;||10px||false|false&#8221; custom_padding_tablet=&#8221;||10px||false|false&#8221; custom_padding_phone=&#8221;0px||10px||false|false&#8221; custom_padding_last_edited=&#8221;on|phone&#8221; global_colors_info=&#8221;{}&#8221;][\/et_pb_image][et_pb_image src=&#8221;https:\/\/labvivalle.com.br\/site\/wp-content\/uploads\/2022\/01\/box-resultado-exames-online05012022.jpg&#8221; alt=&#8221;Resultados de Exames Online&#8221; title_text=&#8221;Resultados de Exames Online&#8221; url=&#8221;http:\/\/189.2.215.52:8080\/laudos\/&#8221; url_new_window=&#8221;on&#8221; align=&#8221;center&#8221; _builder_version=&#8221;4.21.0&#8243; custom_margin=&#8221;0px||6px||false|false&#8221; custom_padding=&#8221;9px||||false|false&#8221; hover_enabled=&#8221;0&#8243; global_colors_info=&#8221;{}&#8221; sticky_enabled=&#8221;0&#8243;][\/et_pb_image][et_pb_text _builder_version=&#8221;4.21.0&#8243; text_font=&#8221;|600|||||||&#8221; text_text_color=&#8221;#c41b1b&#8221; text_font_size=&#8221;16px&#8221; text_line_height=&#8221;1.3em&#8221; background_color=&#8221;#eaeaea&#8221; text_orientation=&#8221;justified&#8221; custom_margin=&#8221;25px|6px|9px|3px|false|false&#8221; custom_margin_tablet=&#8221;25px|6px|9px|3px|false|false&#8221; custom_margin_phone=&#8221;25px|12px|9px|12px|false|true&#8221; custom_margin_last_edited=&#8221;on|phone&#8221; custom_padding=&#8221;12px|12px|12px|12px|true|true&#8221; border_width_all=&#8221;1px&#8221; border_color_all=&#8221;#E02B20&#8243; global_colors_info=&#8221;{}&#8221;]<\/p>\n<p><b>*<\/b> Caso n\u00e3o tenha Recebido<b> ID e SENHA<\/b> para acesso aos seus exames via <b>SMS<\/b>, clique em <b>Esqueci minha senha<\/b> na pr\u00f3xima p\u00e1gina &#8211; Voc\u00ea ser\u00e1 direcionado a criar seu pr\u00f3prio acesso.<\/p>\n<p>[\/et_pb_text][et_pb_image src=&#8221;https:\/\/labvivalle.com.br\/site\/wp-content\/uploads\/2021\/01\/labtests.jpg&#8221; url=&#8221;https:\/\/labvivalle.com.br\/site\/images\/banners\/labtests.jpg&#8221; url_new_window=&#8221;on&#8221; align=&#8221;center&#8221; _builder_version=&#8221;4.21.0&#8243; custom_padding=&#8221;21px||||false|false&#8221; global_colors_info=&#8221;{}&#8221;][\/et_pb_image][\/et_pb_column][\/et_pb_row][\/et_pb_section]<\/p>\n","protected":false},"excerpt":{"rendered":"<p>Seu exame entregue em menos tempo. Um equipe qualificada, pronta para atender voc\u00ea a qualquer hora. O LabviValle tem o compromisso de entregar exames cl\u00ednicos de urg\u00eancia no menor tempo poss\u00edvel, possibilitando aos&#8230;Nota Exames de Dengue &#8211; Todos os pacientes que realizarem exames para diagnostico de Dengue, mesmo quando negativos, ter\u00e3o seus dados encaminhados [&hellip;]<\/p>\n","protected":false},"author":2,"featured_media":43,"parent":0,"menu_order":0,"comment_status":"closed","ping_status":"closed","template":"","meta":{"_et_pb_use_builder":"on","_et_pb_old_content":"","_et_gb_content_width":"","footnotes":""},"class_list":["post-32","page","type-page","status-publish","has-post-thumbnail","hentry"],"_links":{"self":[{"href":"https:\/\/labvivalle.com.br\/site\/wp-json\/wp\/v2\/pages\/32","targetHints":{"allow":["GET"]}}],"collection":[{"href":"https:\/\/labvivalle.com.br\/site\/wp-json\/wp\/v2\/pages"}],"about":[{"href":"https:\/\/labvivalle.com.br\/site\/wp-json\/wp\/v2\/types\/page"}],"author":[{"embeddable":true,"href":"https:\/\/labvivalle.com.br\/site\/wp-json\/wp\/v2\/users\/2"}],"replies":[{"embeddable":true,"href":"https:\/\/labvivalle.com.br\/site\/wp-json\/wp\/v2\/comments?post=32"}],"version-history":[{"count":63,"href":"https:\/\/labvivalle.com.br\/site\/wp-json\/wp\/v2\/pages\/32\/revisions"}],"predecessor-version":[{"id":905,"href":"https:\/\/labvivalle.com.br\/site\/wp-json\/wp\/v2\/pages\/32\/revisions\/905"}],"wp:featuredmedia":[{"embeddable":true,"href":"https:\/\/labvivalle.com.br\/site\/wp-json\/wp\/v2\/media\/43"}],"wp:attachment":[{"href":"https:\/\/labvivalle.com.br\/site\/wp-json\/wp\/v2\/media?parent=32"}],"curies":[{"name":"wp","href":"https:\/\/api.w.org\/{rel}","templated":true}]}}