{"id":95,"date":"2021-01-06T13:05:39","date_gmt":"2021-01-06T13:05:39","guid":{"rendered":"https:\/\/labvivalle.com.br\/site\/?page_id=95"},"modified":"2021-01-06T21:49:08","modified_gmt":"2021-01-06T21:49:08","slug":"laboratorio-labvivalle-2","status":"publish","type":"page","link":"https:\/\/labvivalle.com.br\/site\/laboratorio-labvivalle-2\/","title":{"rendered":"Laborat\u00f3rio Labvivalle"},"content":{"rendered":"<p style=\"text-align: justify;\" data-tadv-p=\"keep\">Com mais de 30 mil exames realizados mensalmente e uma hist\u00f3ria, que completou em 2013, 10 anos, o Labclin muda de nome e passa a se chamar LabviValle. A nova marca refor\u00e7a o compromisso com a \u00e9tica profissional e a seguran\u00e7a nos seus processos.<\/p>\n<p style=\"text-align: justify;\" data-tadv-p=\"keep\">A parceria s\u00f3lida com o Hospital viValle proporcionou o desenvolvimento de uma metodologia \u00e1gil e humanizada, que prioriza a precis\u00e3o diagn\u00f3stica de urg\u00eancia e o r\u00e1pido retorno do laudo. O LabviValle trabalha para que o m\u00e9dico possa oferecer um diagn\u00f3stico seguro e no tempo certo para que o paciente tenha acesso ao um tratamento mais eficaz.<\/p>\n<p style=\"text-align: justify;\" data-tadv-p=\"keep\">Para manter a alta qualidade t\u00e9cnica dos seus exames e continuar a oferecer agilidade nos retornos laboratoriais, o LabviValle acredita no cont\u00ednuo desenvolvimento de sua equipe, composta por Biom\u00e9dicos e Farmac\u00eauticos Bioqu\u00edmicos. Al\u00e9m de procurar a constante atualiza\u00e7\u00e3o tecnol\u00f3gica no setor.<\/p>\n<p style=\"text-align: justify;\" data-tadv-p=\"keep\">O novo desafio \u00e9 continuar a hist\u00f3ria de sucesso que come\u00e7ou com o Labclin e o Hospital viValle. Garantindo a mesma efici\u00eancia e qualidade j\u00e1 comprovada, se mantendo firme na busca pela excel\u00eancia na realiza\u00e7\u00e3o dos exames e sempre respeitando os profissionais parceiros e os pacientes que confiam no trabalho do LabviValle.<\/p>\n","protected":false},"excerpt":{"rendered":"<p>Com mais de 30 mil exames realizados mensalmente e uma hist\u00f3ria, que completou em 2013, 10 anos, o Labclin muda de nome e passa a se chamar LabviValle. A nova marca refor\u00e7a o compromisso com a \u00e9tica profissional e a seguran\u00e7a nos seus processos. A parceria s\u00f3lida com o Hospital viValle proporcionou o desenvolvimento de [&hellip;]<\/p>\n","protected":false},"author":2,"featured_media":28,"parent":0,"menu_order":0,"comment_status":"closed","ping_status":"closed","template":"","meta":{"_et_pb_use_builder":"off","_et_pb_old_content":"","_et_gb_content_width":"","footnotes":""},"class_list":["post-95","page","type-page","status-publish","has-post-thumbnail","hentry"],"_links":{"self":[{"href":"https:\/\/labvivalle.com.br\/site\/wp-json\/wp\/v2\/pages\/95","targetHints":{"allow":["GET"]}}],"collection":[{"href":"https:\/\/labvivalle.com.br\/site\/wp-json\/wp\/v2\/pages"}],"about":[{"href":"https:\/\/labvivalle.com.br\/site\/wp-json\/wp\/v2\/types\/page"}],"author":[{"embeddable":true,"href":"https:\/\/labvivalle.com.br\/site\/wp-json\/wp\/v2\/users\/2"}],"replies":[{"embeddable":true,"href":"https:\/\/labvivalle.com.br\/site\/wp-json\/wp\/v2\/comments?post=95"}],"version-history":[{"count":2,"href":"https:\/\/labvivalle.com.br\/site\/wp-json\/wp\/v2\/pages\/95\/revisions"}],"predecessor-version":[{"id":98,"href":"https:\/\/labvivalle.com.br\/site\/wp-json\/wp\/v2\/pages\/95\/revisions\/98"}],"wp:featuredmedia":[{"embeddable":true,"href":"https:\/\/labvivalle.com.br\/site\/wp-json\/wp\/v2\/media\/28"}],"wp:attachment":[{"href":"https:\/\/labvivalle.com.br\/site\/wp-json\/wp\/v2\/media?parent=95"}],"curies":[{"name":"wp","href":"https:\/\/api.w.org\/{rel}","templated":true}]}}